{"id":11,"date":"2024-08-21T17:33:55","date_gmt":"2024-08-21T17:33:55","guid":{"rendered":"https:\/\/ps-u.de\/?page_id=11"},"modified":"2024-09-13T09:51:27","modified_gmt":"2024-09-13T09:51:27","slug":"philipp-schulte-uentrop","status":"publish","type":"page","link":"https:\/\/ps-u.de\/","title":{"rendered":"Philipp Schulte-Uentrop"},"content":{"rendered":"\n<figure class=\"wp-block-image size-full\"><img loading=\"lazy\" decoding=\"async\" width=\"600\" height=\"400\" src=\"https:\/\/ps-u.de\/wp-content\/uploads\/2024\/08\/PSU_5224-1.jpg\" alt=\"\" class=\"wp-image-47\" srcset=\"https:\/\/ps-u.de\/wp-content\/uploads\/2024\/08\/PSU_5224-1.jpg 600w, https:\/\/ps-u.de\/wp-content\/uploads\/2024\/08\/PSU_5224-1-300x200.jpg 300w\" sizes=\"auto, (max-width: 600px) 100vw, 600px\" \/><\/figure>\n\n\n\n<div class=\"wp-block-group alignfull has-global-padding is-layout-constrained wp-container-core-group-is-layout-490fa1db wp-block-group-is-layout-constrained\" style=\"padding-top:var(--wp--preset--spacing--50);padding-right:var(--wp--preset--spacing--50);padding-bottom:var(--wp--preset--spacing--50);padding-left:var(--wp--preset--spacing--50)\">\n<div class=\"wp-block-group has-global-padding is-layout-constrained wp-container-core-group-is-layout-650790e1 wp-block-group-is-layout-constrained\">\n<h1 class=\"wp-block-heading has-text-align-center has-x-large-font-size\">Financial Advisory Services<\/h1>\n\n\n\n<div style=\"height:1.25rem\" aria-hidden=\"true\" class=\"wp-block-spacer\"><\/div>\n\n\n\n<p class=\"has-text-align-center\">Management | Betratung | Training | Coaching<\/p>\n\n\n\n<div style=\"height:1.25rem\" aria-hidden=\"true\" class=\"wp-block-spacer\"><\/div>\n<\/div>\n\n\n\n<div style=\"height:var(--wp--preset--spacing--30)\" aria-hidden=\"true\" class=\"wp-block-spacer\"><\/div>\n\n\n\n<figure class=\"wp-block-image alignwide size-full is-style-rounded is-style-rounded--1\"><img loading=\"lazy\" decoding=\"async\" width=\"960\" height=\"640\" src=\"https:\/\/ps-u.de\/wp-content\/uploads\/2024\/08\/mechanics-3310067_960_720-1.png\" alt=\"\" class=\"wp-image-38\" srcset=\"https:\/\/ps-u.de\/wp-content\/uploads\/2024\/08\/mechanics-3310067_960_720-1.png 960w, https:\/\/ps-u.de\/wp-content\/uploads\/2024\/08\/mechanics-3310067_960_720-1-300x200.png 300w, https:\/\/ps-u.de\/wp-content\/uploads\/2024\/08\/mechanics-3310067_960_720-1-768x512.png 768w\" sizes=\"auto, (max-width: 960px) 100vw, 960px\" \/><\/figure>\n<\/div>\n\n\n\n<div class=\"wp-block-group alignfull has-base-2-background-color has-background has-global-padding is-layout-constrained wp-container-core-group-is-layout-669513ed wp-block-group-is-layout-constrained\" style=\"margin-top:0;margin-bottom:0;padding-top:var(--wp--preset--spacing--50);padding-right:var(--wp--preset--spacing--50);padding-bottom:var(--wp--preset--spacing--50);padding-left:var(--wp--preset--spacing--50)\">\n<div class=\"wp-block-group is-vertical is-content-justification-center is-layout-flex wp-container-core-group-is-layout-52b864f0 wp-block-group-is-layout-flex\">\n<h2 class=\"wp-block-heading has-text-align-center is-style-asterisk\">Management, Betratung, Training und Coaching<\/h2>\n\n\n\n<div style=\"height:0px\" aria-hidden=\"true\" class=\"wp-block-spacer wp-container-content-4f2ccadb\"><\/div>\n\n\n\n<p class=\"has-text-align-center\">Unterst\u00fctzung und Begleitung von Unternehmern<\/p>\n\n\n\n<p class=\"has-text-align-center\">und F\u00fchrungskr\u00e4ften in Sondersituationen<br>(Wachstum, Nachfolge, Transformation und Krise)<\/p>\n<\/div>\n\n\n\n<div style=\"margin-top:0;margin-bottom:0;height:var(--wp--preset--spacing--40)\" aria-hidden=\"true\" class=\"wp-block-spacer\"><\/div>\n\n\n\n<div class=\"wp-block-columns alignwide is-layout-flex wp-container-core-columns-is-layout-d0bbbce0 wp-block-columns-is-layout-flex\">\n<div class=\"wp-block-column is-layout-flow wp-container-core-column-is-layout-e3d1c41b wp-block-column-is-layout-flow\">\n<h3 class=\"wp-block-heading has-text-align-left is-style-asterisk has-body-font-family has-medium-font-size\" style=\"font-style:normal;font-weight:600\">Krisenmanagement<br>und Business Coaching<\/h3>\n\n\n\n<p class=\"has-text-align-left\">Unterst\u00fctzung und Begleitung von F\u00fchrungskr\u00e4ften bei Krisen- und Ver\u00e4nderungsmanagement: Personal Coaching, Leadership Coaching, New Work + Transformation<\/p>\n<\/div>\n\n\n\n<div class=\"wp-block-column is-layout-flow wp-container-core-column-is-layout-e3d1c41b wp-block-column-is-layout-flow\">\n<h3 class=\"wp-block-heading has-text-align-left is-style-asterisk has-body-font-family has-medium-font-size\" style=\"font-style:normal;font-weight:600\">Financial Training<\/h3>\n\n\n\n<p class=\"has-text-align-left\">&gt; Microsoft Excel<br>&gt; Power BI<br>&gt; Financial Modeling<\/p>\n\n\n\n<p class=\"has-text-align-left\">Train-The-Trainer und Intensiv-Workshops f\u00fcr Excel Power User in den bereichen Financial Advisory, Corporate Finance, M&amp;A, Wirtschaftspr\u00fcfung, Controlling und BI<\/p>\n<\/div>\n\n\n\n<div class=\"wp-block-column is-layout-flow wp-container-core-column-is-layout-e3d1c41b wp-block-column-is-layout-flow\">\n<h3 class=\"wp-block-heading has-text-align-left is-style-asterisk has-body-font-family has-medium-font-size\" style=\"font-style:normal;font-weight:600\">Finanzmanagement \/ CFO<\/h3>\n\n\n\n<p class=\"has-text-align-left\">&gt; Externer CFO \/ CFO as a service<br>&gt; Mehrj\u00e4hrige C-Level Erfahrung als Gesch\u00e4ftsf\u00fchrer und Prokurist<br>&gt; Teamaufbau und Teamentwicklung<br>&gt; Training und Coaching f\u00fcr Ihr Finanzmanagement<br>&gt; Implementierung von Excel- und Software-l\u00f6sungen f\u00fcr Finanzplanung, Reporting, Controlling, Belegverwaltung, Accounting, Cash Management und Treasury<br>&gt; Prozessoptimierung, Workflow-Automatisierung<\/p>\n<\/div>\n<\/div>\n\n\n\n<div style=\"height:var(--wp--preset--spacing--20)\" aria-hidden=\"true\" class=\"wp-block-spacer\"><\/div>\n\n\n\n<div class=\"wp-block-columns alignwide is-layout-flex wp-container-core-columns-is-layout-d0bbbce0 wp-block-columns-is-layout-flex\">\n<div class=\"wp-block-column is-layout-flow wp-container-core-column-is-layout-e3d1c41b wp-block-column-is-layout-flow\">\n<h3 class=\"wp-block-heading has-text-align-left is-style-asterisk has-body-font-family has-medium-font-size\" style=\"font-style:normal;font-weight:600\">Unternehmensnachfolge<\/h3>\n\n\n\n<p class=\"has-text-align-left\">Business Review, Unternehmensbewertung, Nachfolgeplanung, Strategic Business Development Beratung, Kandidatensuche, Evaluierung, Finanzierung, Umsetzungsbegleitung<\/p>\n<\/div>\n\n\n\n<div class=\"wp-block-column is-layout-flow wp-container-core-column-is-layout-e3d1c41b wp-block-column-is-layout-flow\">\n<h3 class=\"wp-block-heading has-text-align-left is-style-asterisk has-body-font-family has-medium-font-size\" style=\"font-style:normal;font-weight:600\">Strategische Unternehmensberatung und Financial Advisory Services<\/h3>\n\n\n\n<p class=\"has-text-align-left\">Erfahrene Unterst\u00fctzung als Senior Project Manager Financial Advisory bei Finanzierung, M&amp;A, Unternehmensbewertung (z.B. nach IDW S1), Due Diligence, Sanierungskonzepten (z.B. nach IDW S6), Independant Business Reviews (z.B. nach IDW S11)<\/p>\n<\/div>\n\n\n\n<div class=\"wp-block-column is-layout-flow wp-container-core-column-is-layout-e3d1c41b wp-block-column-is-layout-flow\">\n<h3 class=\"wp-block-heading has-text-align-left is-style-asterisk has-body-font-family has-medium-font-size\" style=\"font-style:normal;font-weight:600\">&gt; 30 Jahre Expertise als Diplom-Kaufmann, Trainer, Coach, Unternehmensberater und Interims Manager<\/h3>\n\n\n\n<p class=\"has-text-align-left\">&gt; BWL-Studium in Saarbr\u00fccken (1988 bis 1994)<br>&gt; Expertise als IT Projektmanager und Trainer (Werkstudentenprogramm bei Siemens Nixdorf, SQL-Datenbanken, ERP-Software, Finanzsoftware, BI und Datenbankreporting)<br>&gt; Langj\u00e4hrige Erfahrung im Startup und Digital Business (IT Software, Corporate Finance Beratung f\u00fcr Digitale Gesch\u00e4ftsmodelle, New Work)<br>&gt; Expertise als Mentor, Coach und Krisenmanager (Teamaufbau in diversen Konstellationen, Restrukturierungsberatung im Mittelstand)<\/p>\n<\/div>\n<\/div>\n<\/div>\n\n\n\n<div class=\"wp-block-group alignfull has-global-padding is-layout-constrained wp-container-core-group-is-layout-d89aad35 wp-block-group-is-layout-constrained\" style=\"margin-top:0;margin-bottom:0;padding-top:var(--wp--preset--spacing--50);padding-right:var(--wp--preset--spacing--50);padding-bottom:var(--wp--preset--spacing--50);padding-left:var(--wp--preset--spacing--50)\">\n<div class=\"wp-block-group alignwide has-global-padding is-layout-constrained wp-container-core-group-is-layout-19e250f3 wp-block-group-is-layout-constrained\">\n<div class=\"wp-block-group is-vertical is-content-justification-center is-layout-flex wp-container-core-group-is-layout-6329a8f3 wp-block-group-is-layout-flex\">\n<h2 class=\"wp-block-heading has-text-align-center is-style-asterisk\">Umfassende Expertise<br>in zahlreichen Branchen<\/h2>\n\n\n\n<p class=\"has-text-align-center\">Als Trainer, Coach, CFO\/Finanzmanager und Unternehmensberater habe ich in den letzten 30 Jahren Unternehmer und Gesch\u00e4ftsf\u00fchrer in folgenden Branchen bereits erfolgreich unterst\u00fctzt: digitale Startups und Hightech (B2B, B2C, Retail, FMCG, IT Security, IT Support, Call Center, ERP Software, Online Medien, Entertainment und Online Gaming), Private Equity, Gesundheitswesen, Medizintechnik, Power Industries, Pharma, Lebensmittel, Elektronik, Automotive, Mobilit\u00e4t, Transport \/ Logistik, Maschinenbau,<br>Real Estate, Stahlbau<br><\/p>\n<\/div>\n\n\n\n<div style=\"height:var(--wp--preset--spacing--40)\" aria-hidden=\"true\" class=\"wp-block-spacer\"><\/div>\n\n\n\n<div class=\"wp-block-columns alignwide is-layout-flex wp-container-core-columns-is-layout-d1c656ed wp-block-columns-is-layout-flex\">\n<div class=\"wp-block-column is-vertically-aligned-center is-layout-flow wp-block-column-is-layout-flow\" style=\"flex-basis:40%\">\n<h3 class=\"wp-block-heading is-style-asterisk\">Kontakt <\/h3>\n\n\n\n<ul style=\"line-height:1.75\" class=\"wp-block-list is-style-checkmark-list\">\n<li><a href=\"https:\/\/www.linkedin.com\/in\/philipp-schulte-uentrop\/\">https:\/\/www.linkedin.com\/in\/philipp-schulte-uentrop\/<\/a><\/li>\n<\/ul>\n<\/div>\n\n\n\n<div class=\"wp-block-column is-layout-flow wp-block-column-is-layout-flow\" style=\"flex-basis:50%\">\n<figure class=\"wp-block-image size-full is-style-rounded is-style-rounded--2\"><img loading=\"lazy\" decoding=\"async\" width=\"2560\" height=\"1707\" src=\"https:\/\/ps-u.de\/wp-content\/uploads\/2024\/08\/pexels-olly-926390-1-scaled.jpg\" alt=\"\" class=\"wp-image-42\" srcset=\"https:\/\/ps-u.de\/wp-content\/uploads\/2024\/08\/pexels-olly-926390-1-scaled.jpg 2560w, https:\/\/ps-u.de\/wp-content\/uploads\/2024\/08\/pexels-olly-926390-1-300x200.jpg 300w, https:\/\/ps-u.de\/wp-content\/uploads\/2024\/08\/pexels-olly-926390-1-1024x683.jpg 1024w, https:\/\/ps-u.de\/wp-content\/uploads\/2024\/08\/pexels-olly-926390-1-768x512.jpg 768w, https:\/\/ps-u.de\/wp-content\/uploads\/2024\/08\/pexels-olly-926390-1-1536x1024.jpg 1536w\" sizes=\"auto, (max-width: 2560px) 100vw, 2560px\" \/><\/figure>\n<\/div>\n<\/div>\n\n\n\n<div style=\"height:var(--wp--preset--spacing--40)\" aria-hidden=\"true\" class=\"wp-block-spacer\"><\/div>\n\n\n\n<div class=\"wp-block-columns alignwide is-layout-flex wp-container-core-columns-is-layout-d1c656ed wp-block-columns-is-layout-flex\">\n<div class=\"wp-block-column is-layout-flow wp-block-column-is-layout-flow\" style=\"flex-basis:50%\">\n<figure class=\"wp-block-image size-full is-style-rounded is-style-rounded--3\"><img loading=\"lazy\" decoding=\"async\" width=\"2560\" height=\"1703\" src=\"https:\/\/ps-u.de\/wp-content\/uploads\/2024\/08\/glenn-carstens-peters-npxXWgQ33ZQ-unsplash-scaled.jpg\" alt=\"\" class=\"wp-image-41\" srcset=\"https:\/\/ps-u.de\/wp-content\/uploads\/2024\/08\/glenn-carstens-peters-npxXWgQ33ZQ-unsplash-scaled.jpg 2560w, https:\/\/ps-u.de\/wp-content\/uploads\/2024\/08\/glenn-carstens-peters-npxXWgQ33ZQ-unsplash-300x200.jpg 300w, https:\/\/ps-u.de\/wp-content\/uploads\/2024\/08\/glenn-carstens-peters-npxXWgQ33ZQ-unsplash-1024x681.jpg 1024w, https:\/\/ps-u.de\/wp-content\/uploads\/2024\/08\/glenn-carstens-peters-npxXWgQ33ZQ-unsplash-768x511.jpg 768w, https:\/\/ps-u.de\/wp-content\/uploads\/2024\/08\/glenn-carstens-peters-npxXWgQ33ZQ-unsplash-1536x1022.jpg 1536w, https:\/\/ps-u.de\/wp-content\/uploads\/2024\/08\/glenn-carstens-peters-npxXWgQ33ZQ-unsplash-2048x1363.jpg 2048w\" sizes=\"auto, (max-width: 2560px) 100vw, 2560px\" \/><\/figure>\n<\/div>\n\n\n\n<div class=\"wp-block-column is-vertically-aligned-center is-layout-flow wp-block-column-is-layout-flow\" style=\"flex-basis:40%\">\n<h3 class=\"wp-block-heading is-style-asterisk\">Microsoft Excel for Financial Professionals<\/h3>\n\n\n\n<ul style=\"line-height:1.75\" class=\"wp-block-list is-style-checkmark-list\">\n<li>Siehe <a href=\"https:\/\/senior-financial-trainer.mystrikingly.com\">https:\/\/senior-financial-trainer.mystrikingly.com<\/a><\/li>\n<\/ul>\n<\/div>\n<\/div>\n<\/div>\n<\/div>\n\n\n\n<div class=\"wp-block-group alignfull has-base-color has-contrast-background-color has-text-color has-background has-global-padding is-layout-constrained wp-container-core-group-is-layout-ef3d885c wp-block-group-is-layout-constrained\" style=\"margin-top:0;margin-bottom:0;padding-top:var(--wp--preset--spacing--60);padding-right:var(--wp--preset--spacing--60);padding-bottom:var(--wp--preset--spacing--60);padding-left:var(--wp--preset--spacing--60)\">\n<div class=\"wp-block-group has-global-padding is-layout-constrained wp-block-group-is-layout-constrained\">\n<p class=\"has-text-align-center has-base-color has-text-color has-heading-font-family has-x-large-font-size\" style=\"line-height:1.2\">&#8222;Alles, was ich \u00fcber Excel und Financial Modeling gelernt habe, habe ich bei Philipp Schulte-Uentrop gelernt.<\/p>\n\n\n\n<p class=\"has-text-align-center has-base-color has-text-color has-heading-font-family has-x-large-font-size\" style=\"line-height:1.2\">Er ist ein vorbildlicher Manager und ein ausgezeichneter Financial Expert mit extrem viel Projekterfahrung, wie es davon nur wenige gibt.<\/p>\n\n\n\n<h2 class=\"wp-block-heading has-text-align-center has-base-color has-text-color has-heading-font-family has-x-large-font-size\" style=\"line-height:1.2\">Besonders sch\u00e4tze ich an Philipp seinen wertvollen Support als Mentor und seine \u00fcber Jahre loyale Freundschaft &#8211; auf die ich mich bis heute stets verlassen kann.&#8220;<\/h2>\n\n\n\n<p><\/p>\n\n\n\n<div class=\"wp-block-group is-vertical is-content-justification-center is-nowrap is-layout-flex wp-container-core-group-is-layout-2dc08cea wp-block-group-is-layout-flex\">\n\n\n<p class=\"has-text-align-center\" style=\"margin-top:var(--wp--preset--spacing--10);margin-bottom:0\">Dominik M.<\/p>\n\n\n\n<p class=\"has-text-align-center has-contrast-3-color has-text-color has-small-font-size\" style=\"font-style:normal;font-weight:300\">Director Finance+Controlling<\/p>\n<\/div>\n<\/div>\n<\/div>\n\n\n\n<div class=\"wp-block-group alignfull has-global-padding is-layout-constrained wp-container-core-group-is-layout-d89aad35 wp-block-group-is-layout-constrained\" style=\"margin-top:0;margin-bottom:0;padding-top:var(--wp--preset--spacing--50);padding-right:var(--wp--preset--spacing--50);padding-bottom:var(--wp--preset--spacing--50);padding-left:var(--wp--preset--spacing--50)\">\n<div class=\"wp-block-group alignwide has-global-padding is-layout-constrained wp-block-group-is-layout-constrained\">\n<div class=\"wp-block-query alignwide is-layout-flow wp-block-query-is-layout-flow\">\n\n\n<div style=\"height:var(--wp--preset--spacing--30)\" aria-hidden=\"true\" class=\"wp-block-spacer\"><\/div>\n\n\n\n\n<div class=\"wp-block-query-no-results\">\n\n<p><\/p>\n\n<\/div><\/div>\n<\/div>\n<\/div>\n\n\n\n<div class=\"wp-block-group alignfull has-global-padding is-layout-constrained wp-container-core-group-is-layout-d89aad35 wp-block-group-is-layout-constrained\" style=\"margin-top:0;margin-bottom:0;padding-top:var(--wp--preset--spacing--50);padding-right:var(--wp--preset--spacing--50);padding-bottom:var(--wp--preset--spacing--50);padding-left:var(--wp--preset--spacing--50)\">\n<div class=\"wp-block-group alignwide has-base-2-background-color has-background has-global-padding is-layout-constrained wp-container-core-group-is-layout-39412042 wp-block-group-is-layout-constrained\" style=\"border-radius:16px;padding-top:var(--wp--preset--spacing--40);padding-right:var(--wp--preset--spacing--50);padding-bottom:var(--wp--preset--spacing--40);padding-left:var(--wp--preset--spacing--50)\">\n<div style=\"height:var(--wp--preset--spacing--10)\" aria-hidden=\"true\" class=\"wp-block-spacer\"><\/div>\n\n\n\n<div style=\"height:var(--wp--preset--spacing--10)\" aria-hidden=\"true\" class=\"wp-block-spacer\"><\/div>\n<\/div>\n<\/div>\n","protected":false},"excerpt":{"rendered":"<p>Financial Advisory Services Management | Betratung | Training | Coaching Management, Betratung, Training und Coaching Unterst\u00fctzung und Begleitung von Unternehmern und F\u00fchrungskr\u00e4ften in Sondersituationen(Wachstum, Nachfolge, Transformation und Krise) Krisenmanagementund Business Coaching Unterst\u00fctzung und Begleitung von F\u00fchrungskr\u00e4ften bei Krisen- und Ver\u00e4nderungsmanagement: Personal Coaching, Leadership Coaching, New Work + Transformation Financial Training &gt; Microsoft Excel&gt; Power BI&gt; [&hellip;]<\/p>\n","protected":false},"author":1,"featured_media":0,"parent":0,"menu_order":0,"comment_status":"closed","ping_status":"closed","template":"","meta":{"footnotes":""},"class_list":["post-11","page","type-page","status-publish","hentry"],"_links":{"self":[{"href":"https:\/\/ps-u.de\/index.php?rest_route=\/wp\/v2\/pages\/11","targetHints":{"allow":["GET"]}}],"collection":[{"href":"https:\/\/ps-u.de\/index.php?rest_route=\/wp\/v2\/pages"}],"about":[{"href":"https:\/\/ps-u.de\/index.php?rest_route=\/wp\/v2\/types\/page"}],"author":[{"embeddable":true,"href":"https:\/\/ps-u.de\/index.php?rest_route=\/wp\/v2\/users\/1"}],"replies":[{"embeddable":true,"href":"https:\/\/ps-u.de\/index.php?rest_route=%2Fwp%2Fv2%2Fcomments&post=11"}],"version-history":[{"count":8,"href":"https:\/\/ps-u.de\/index.php?rest_route=\/wp\/v2\/pages\/11\/revisions"}],"predecessor-version":[{"id":51,"href":"https:\/\/ps-u.de\/index.php?rest_route=\/wp\/v2\/pages\/11\/revisions\/51"}],"wp:attachment":[{"href":"https:\/\/ps-u.de\/index.php?rest_route=%2Fwp%2Fv2%2Fmedia&parent=11"}],"curies":[{"name":"wp","href":"https:\/\/api.w.org\/{rel}","templated":true}]}}